{"id":3726,"date":"2022-03-08T13:33:27","date_gmt":"2022-03-08T13:33:27","guid":{"rendered":"https:\/\/grupoeventoplus.com\/eventosconucrania-hacemos-algo-todos-juntos-para-ucrania\/"},"modified":"2022-03-08T13:33:27","modified_gmt":"2022-03-08T13:33:27","slug":"eventosconucrania-hacemos-algo-todos-juntos-para-ucrania","status":"publish","type":"page","link":"https:\/\/grupoeventoplus.com\/es\/eventosconucrania-hacemos-algo-todos-juntos-para-ucrania\/","title":{"rendered":"#eventosconucrania"},"content":{"rendered":"<h2 style=\\\"text-align: center;\\\">Hacemos algo todos juntos para Ucrania<\/h2>\n<p style=\\\"text-align: center;\\\"><img class=\\\"aligncenter wp-image-3749\\\" src=\\\"https:\/\/grupoeventoplus.com\/wp-content\/uploads\/2022\/03\/heartucrania.jpg\\\" alt=\\\"\\\" width=\\\"393\\\" height=\\\"363\\\" \/><\/p>\n<p><strong><em>\u201c<\/em><em>Hi Jose, I\u2019m Ukrainian. I was recently living a great life and building a technological business. Russia has attacked us and started the war to destroy Ukraine as an independent country. <\/em><em>We stand up to fight for survival\u2026.\u201d<\/em><\/strong><\/p>\n<p>Este es el grito de ayuda real que profesionales como t\u00fa y como yo en Ucrania est\u00e1n enviando al mundo. Horrorizados con la situaci\u00f3n, sabemos que si somos muchos, podemos hacer mucho. La democracia, el sistema de libertades y derechos que nos hemos dado entre todos en Europa tras tantas guerras est\u00e1 en peligro real. \u00a1Hay que ayudar a Ucrania y parar a Putin!<\/p>\n<p>\u200b<\/p>\n<table border=\\\"0\\\" width=\\\"100%\\\" cellspacing=\\\"5\\\" cellpadding=\\\"5\\\">\n<tbody>\n<tr>\n<td><img class=\\\"aligncenter wp-image-3751 size-medium\\\" src=\\\"https:\/\/grupoeventoplus.com\/wp-content\/uploads\/2022\/03\/WhatsApp-Image-2022-03-08-at-18.05.01-1-300x169.jpeg\\\" alt=\\\"\\\" width=\\\"300\\\" height=\\\"169\\\" \/><\/td>\n<td><img class=\\\"aligncenter wp-image-3754 size-medium\\\" src=\\\"https:\/\/grupoeventoplus.com\/wp-content\/uploads\/2022\/03\/WhatsApp-Image-2022-03-08-at-18.04.33-300x169.jpeg\\\" alt=\\\"\\\" width=\\\"300\\\" height=\\\"169\\\" \/><\/td>\n<td><img class=\\\"aligncenter size-full wp-image-3756\\\" src=\\\"https:\/\/grupoeventoplus.com\/wp-content\/uploads\/2022\/03\/xx2.jpg\\\" alt=\\\"\\\" width=\\\"300\\\" height=\\\"169\\\" \/><\/td>\n<\/tr>\n<\/tbody>\n<\/table>\n<p>El sector MICE ha sufrido mucho en esta pandemia y se encuentra en una situaci\u00f3n financiera bastante d\u00e9bil. Sin embargo, pensamos que no hacer nada no es una opci\u00f3n. Y pensamos que donar 500 Euros a Ucrania para ayudar a frenar el horror desencadenado por la invasi\u00f3n rusa es algo que muchas empresas pueden hacer. Por ello, y aunque literalmente \u201cno est\u00e1 la situaci\u00f3n para echar cohetes\u201d las oficinas de Grupo eventoplus de Barcelona y de Madrid han donado 500 euros cada una.<\/p>\n<p>Y no te contamos esto para fardar, ni para parecer buenos, ni para darnos jab\u00f3n\u2026 al rev\u00e9s, te contamos esto para animarte a que lo hagas t\u00fa tambi\u00e9n. Para que tu empresa se anime y haga una donaci\u00f3n a Ucrania. Es un momento importante y no podemos dejar solos a los ucranianos frente a Putin.<\/p>\n<p>Durante la pandemia hemos conseguido cohesionar a nuestro querido sector. El sector MICE ha actuado muy unido, hemos estrechado lazos, incrementado la cooperaci\u00f3n entre nosotros, hemos entrado a trav\u00e9s de zoom unos en casa de otros\u2026 y sabemos la fuerza que tenemos cuando actuamos. Por ello, si sumamos la fuerza de todos podemos ayudar mucho en esta causa.<\/p>\n<h3><strong>Mira los testimoniales de los profesionales MICE ucranianos<\/strong><\/h3>\n<p>Hemos hablado con algunos profesionales MICE y aqu\u00ed os dejamos la grabaci\u00f3n.<\/p>\n<p><iframe title=\\\"YouTube video player\\\" src=\\\"https:\/\/www.youtube.com\/embed\/Mrd080bosbU\\\" width=\\\"700\\\" height=\\\"395\\\" frameborder=\\\"0\\\" allowfullscreen=\\\"allowfullscreen\\\"><span data-mce-type=\\\"bookmark\\\" style=\\\"display: inline-block; width: 0px; overflow: hidden; line-height: 0;\\\" class=\\\"mce_SELRES_start\\\">\ufeff<\/span><\/iframe><\/p>\n<h3><strong>M\u00e1s info:<\/strong><\/h3>\n<p>La invasi\u00f3n de Ucrania ha despertado una tremenda ola de solidaridad. En todos los rincones de Espa\u00f1a han aparecido iniciativas de apoyo y ayuda a Ucrania y a los ucranianos. Recogerlas aqu\u00ed es tarea imposible pero puedes consultar en Google y Facebook y seguro que das con las m\u00e1s cercanas a tu residencia.<\/p>\n<p>Adem\u00e1s, en Espa\u00f1a residen m\u00e1s de 120.000 ucranianos que est\u00e1n s\u00faper movilizados y con quienes seguro que no te ser\u00e1 dif\u00edcil contactar si quieres.<\/p>\n<p><strong>Te pasamos aqu\u00ed algunos enlaces para entender mejor la situaci\u00f3n:\u00a0<\/strong><\/p>\n<p class=\\\"hh1 h0 bold700\\\"><strong>Empleo para Ucrania\u00a0<\/strong><strong><span style=\\\"color: #fb8404;\\\"><a style=\\\"color: #fb8404;\\\" href=\\\"https:\/\/www.eventoplus.com\/noticias\/empleo-para-ucrania\/\\\" target=\\\"_blank\\\" rel=\\\"noopener\\\">[+]<\/a><\/span><\/strong><\/p>\n<p>Tener trabajo, sentirse \u00fatil, ganar dinero (vaya tonter\u00eda, \u00bfno?), pensar en otras cosas que no sean la guerra o la destrucci\u00f3n de tu vida (\u00a1o cosas peores!)\u2026 Os traemos excelentes iniciativas que quieren ayudar a los ucranianos a encontrar trabajo, algunos en remoto, otros en Alemania, Espa\u00f1a o donde sea que se hayan tenido que desplazar.\u00a0Os pasamos una lista recomendada por amigos personales ucranianos, y que os pedimos que investigu\u00e9is y us\u00e9is si est\u00e1is buscando talento&#8230;<\/p>\n<p><a href=\\\"https:\/\/www.eventoplus.com\/noticias\/empleo-para-ucrania\/\\\" target=\\\"_blank\\\" rel=\\\"noopener\\\"><img class=\\\"alignnone\\\" src=\\\"https:\/\/www.eventoplus.com\/content\/thumbs\/960_540\/content\/imgsxml\/galerias\/noticias\/7731\/big-1647943300923319.jpg\\\" alt=\\\"\\\" width=\\\"700\\\" height=\\\"394\\\" \/><\/a><\/p>\n<p><strong>Web oficial del Presidente de Ucrania <span style=\\\"color: #fb8404;\\\"><a style=\\\"color: #fb8404;\\\" href=\\\"https:\/\/www.president.gov.ua\/en\\\" target=\\\"_blank\\\" rel=\\\"noopener\\\">[+]<\/a><\/span><\/strong><\/p>\n<p><strong><a href=\\\"https:\/\/www.president.gov.ua\/en\\\" target=\\\"_blank\\\" rel=\\\"noopener\\\"><img class=\\\"alignleft wp-image-3758 size-full\\\" src=\\\"https:\/\/grupoeventoplus.com\/wp-content\/uploads\/2022\/03\/pres.jpg\\\" alt=\\\"\\\" width=\\\"300\\\" height=\\\"169\\\" \/><\/a><\/strong><\/p>\n<p>&nbsp;<\/p>\n<p>&nbsp;<\/p>\n<p>&nbsp;<\/p>\n<p>&nbsp;<\/p>\n<p>&nbsp;<\/p>\n<p><strong>Prensa ucraniana en ingl\u00e9s:<\/strong><\/p>\n<table border=\\\"0\\\" width=\\\"100%\\\" cellspacing=\\\"5\\\" cellpadding=\\\"5\\\">\n<tbody>\n<tr>\n<td><a href=\\\"https:\/\/kyivindependent.com\/\\\" target=\\\"_blank\\\" rel=\\\"noopener\\\"><img class=\\\"alignleft wp-image-3760 size-full\\\" src=\\\"https:\/\/grupoeventoplus.com\/wp-content\/uploads\/2022\/03\/kyiv.jpg\\\" alt=\\\"\\\" width=\\\"300\\\" height=\\\"85\\\" \/><\/a><\/td>\n<td><a href=\\\"https:\/\/www.pravda.com.ua\/eng\/\\\" target=\\\"_blank\\\" rel=\\\"noopener\\\"><img class=\\\"alignleft wp-image-3761 size-full\\\" src=\\\"https:\/\/grupoeventoplus.com\/wp-content\/uploads\/2022\/03\/georgy.jpg\\\" alt=\\\"\\\" width=\\\"300\\\" height=\\\"85\\\" \/><\/a><\/td>\n<td><a href=\\\"https:\/\/euromaidanpress.com\/\\\" target=\\\"_blank\\\" rel=\\\"noopener\\\"><img class=\\\"alignleft wp-image-3762 size-full\\\" src=\\\"https:\/\/grupoeventoplus.com\/wp-content\/uploads\/2022\/03\/euro.jpg\\\" alt=\\\"\\\" width=\\\"300\\\" height=\\\"85\\\" \/><\/a><\/td>\n<\/tr>\n<\/tbody>\n<\/table>\n<p><strong>Documentales para entender d\u00f3nde estamos:<\/strong><\/p>\n<p><iframe title=\\\"YouTube video player\\\" src=\\\"https:\/\/www.youtube.com\/embed\/If61baWF4GE\\\" width=\\\"560\\\" height=\\\"315\\\" frameborder=\\\"0\\\" allowfullscreen=\\\"allowfullscreen\\\"><\/iframe><\/p>\n<p><strong>La revoluci\u00f3n del Maidan. Documental \u201cWinter on fire. Ukraine\u2019s fight for freedom\u201d &#8211; Netflix <span style=\\\"color: #fb8404;\\\"><a style=\\\"color: #fb8404;\\\" href=\\\"https:\/\/www.netflix.com\/title\/80031666\\\" target=\\\"_blank\\\" rel=\\\"noopener\\\">[+]<\/a><\/span><\/strong><\/p>\n<h3><strong>\u00bfC\u00f3mo ayudar?<\/strong><\/h3>\n<p>Una lista incompleta pero confeccionada con la mejor voluntad- de algunas grandes ONG\u2019s e iniciativas para ayudar directamente a Ucrania y los ucranianos.<\/p>\n<ul>\n<li><span style=\\\"color: #000000;\\\">Agencia de la ONU para los Refugiados <strong><span style=\\\"color: #fb8404;\\\"><a style=\\\"color: #fb8404;\\\" href=\\\"https:\/\/eacnur.org\/es\\\" target=\\\"_blank\\\" rel=\\\"noopener\\\">[+]<\/a><\/span><\/strong><\/span><\/li>\n<li><span style=\\\"color: #000000;\\\">Cruz Roja <span style=\\\"color: #fb8404;\\\"><strong><a style=\\\"color: #fb8404;\\\" href=\\\"https:\/\/cercadeti.cruzroja.es\/eventoplus_ecomice_ucrania\\\" target=\\\"_blank\\\" rel=\\\"noopener\\\">[+]<\/a><\/strong><\/span><\/span><\/li>\n<li><span style=\\\"color: #000000;\\\">Unicef<\/span> <span style=\\\"color: #fb8404;\\\"><strong><a style=\\\"color: #fb8404;\\\" href=\\\"https:\/\/www.unicef.es\/ayuda-ucrania?ac=AC-6836&amp;utm_source=v1mp&amp;utm_medium=Email&amp;utm_term=ucrania&amp;utm_content=eretail&amp;utm_campaign=EMERGENCIA_UCRANIA&amp;tc_alt=76801&amp;n_o_pst=n_o_pst\\\" target=\\\"_blank\\\" rel=\\\"noopener\\\">[+]<\/a><\/strong><\/span><\/li>\n<li><span style=\\\"color: #000000;\\\">Informaci\u00f3n sobre manis convocadas contra la invasi\u00f3n de Ucrania: stop putin\u00a0<a style=\\\"color: #000000;\\\" href=\\\"https:\/\/www.stopputin.net\/\\\" target=\\\"_blank\\\" rel=\\\"noopener\\\">[+]<\/a> y stand with Ukraine<strong><span style=\\\"color: #fb8404;\\\"><a style=\\\"color: #fb8404;\\\" href=\\\"https:\/\/standwithukraine.live\/peace-protests\/\\\" target=\\\"_blank\\\" rel=\\\"noopener\\\"> [+]<\/a><\/span><\/strong><\/span><\/li>\n<li><span style=\\\"color: #000000;\\\">La super web de informaci\u00f3n sobre c\u00f3mo ayudar a Ucrania <strong><span style=\\\"color: #fb8404;\\\"><a style=\\\"color: #fb8404;\\\" href=\\\"https:\/\/how-to-help-ukraine-now.super.site\/\\\" target=\\\"_blank\\\" rel=\\\"noopener\\\">[+]<\/a><\/span><\/strong><\/span><\/li>\n<li><span style=\\\"color: #000000;\\\">Alojar a refugiados:<\/span>\n<ul>\n<li><span style=\\\"color: #000000;\\\">Host 4 Ukraine <strong><span style=\\\"color: #fb8404;\\\"><a style=\\\"color: #fb8404;\\\" href=\\\"https:\/\/www.host4ukraine.com\/\\\" target=\\\"_blank\\\" rel=\\\"noopener\\\">[+]<\/a><\/span><\/strong><\/span><\/li>\n<li><span style=\\\"color: #000000;\\\">Ukraine now <span style=\\\"color: #fb8404;\\\"><strong><a style=\\\"color: #fb8404;\\\" href=\\\"https:\/\/www.ukrainenow.org\/i-can-host\\\" target=\\\"_blank\\\" rel=\\\"noopener\\\">[+]<\/a><\/strong><\/span><\/span><\/li>\n<li><span style=\\\"color: #000000;\\\">Help people leave Ukraine<strong><span style=\\\"color: #fb8404;\\\"> <a style=\\\"color: #fb8404;\\\" href=\\\"https:\/\/helppeopleleaveukraine.org\/\\\" target=\\\"_blank\\\" rel=\\\"noopener\\\">[+]<\/a><\/span><\/strong><\/span><\/li>\n<\/ul>\n<\/li>\n<\/ul>\n<h3><strong>Donaciones<\/strong><\/h3>\n<p>En Barcelona, el Consulado recomienda contribuir con los redentoristas ucranianos, que est\u00e1n sobre el terreno. Sus datos bancarios:<\/p>\n<p><strong>Beneficiario: \u00a0\u00a0\u00a0\u00a0 Lvivska Provintsiya Redemptorystiv<\/strong><\/p>\n<p><strong>IBAN:\u00a0\u00a0\u00a0\u00a0\u00a0\u00a0\u00a0\u00a0\u00a0\u00a0\u00a0\u00a0\u00a0\u00a0 UA58 3253 6500 0000 0260 0100 15433<\/strong><\/p>\n<p><strong>SWIFT:\u00a0\u00a0\u00a0\u00a0\u00a0\u00a0\u00a0\u00a0\u00a0\u00a0\u00a0 WUCBUA2X<\/strong><\/p>\n<p><strong>Concept:\u00a0\u00a0\u00a0\u00a0\u00a0\u00a0\u00a0\u00a0\u00a0 Donation<\/strong><\/p>\n<p><strong>Bank name:\u00a0\u00a0\u00a0\u00a0\u00a0 JSC Kredobank<\/strong><\/p>\n<p><strong>Bank Country:\u00a0\u00a0 Ukraine<\/strong><\/p>\n<p>Ucrania: el Banco Nacional de Ucrania ha abierto un canal para recibir donaciones <span style=\\\"color: #fb8404;\\\"><strong><a style=\\\"color: #fb8404;\\\" href=\\\"https:\/\/bank.gov.ua\/en\/\\\" target=\\\"_blank\\\" rel=\\\"noopener\\\">[+]<\/a><\/strong><\/span><\/p>\n<p>Global: aqu\u00ed tienes una lista de entidades que reciben donaciones y ayudan en Ucrania <span style=\\\"color: #fb8404;\\\"><strong><a style=\\\"color: #fb8404;\\\" href=\\\"https:\/\/how-to-help-ukraine-now.super.site\/donate\/humanitarian-supplies-1\\\" target=\\\"_blank\\\" rel=\\\"noopener\\\">[+]<\/a><\/strong><\/span><\/p>\n<p><strong>Idea interesante:<\/strong><\/p>\n<p>AirBnb \u2013 si quieres hacer llegar dinero directamente a una familia ucraniana, puedes reservar y pagar una estancia en su casa y no acudir, avis\u00e1ndoles que esa es tu manera de canalizar una ayuda hacia ellos.<\/p>\n<p>&nbsp;<\/p>\n<p>&nbsp;<\/p>\n<p>&nbsp;<\/p>\n<p>&nbsp;<\/p>\n","protected":false},"excerpt":{"rendered":"<p>Hacemos algo todos juntos para Ucrania \u201cHi Jose, I\u2019m Ukrainian. I was recently living a great life and building a technological business. Russia has attacked us and started the war to destroy Ukraine as an independent country. We stand up to fight for survival\u2026.\u201d Este es el grito de ayuda real que profesionales como t\u00fa [&hellip;]<\/p>\n","protected":false},"author":8,"featured_media":0,"parent":0,"menu_order":0,"comment_status":"closed","ping_status":"closed","template":"","meta":{"site-sidebar-layout":"default","site-content-layout":"","ast-site-content-layout":"default","site-content-style":"default","site-sidebar-style":"default","ast-global-header-display":"","ast-banner-title-visibility":"","ast-main-header-display":"","ast-hfb-above-header-display":"","ast-hfb-below-header-display":"","ast-hfb-mobile-header-display":"","site-post-title":"","ast-breadcrumbs-content":"","ast-featured-img":"","footer-sml-layout":"","ast-disable-related-posts":"","theme-transparent-header-meta":"","adv-header-id-meta":"","stick-header-meta":"","header-above-stick-meta":"","header-main-stick-meta":"","header-below-stick-meta":"","astra-migrate-meta-layouts":"default","ast-page-background-enabled":"default","ast-page-background-meta":{"desktop":{"background-color":"","background-image":"","background-repeat":"repeat","background-position":"center center","background-size":"auto","background-attachment":"scroll","background-type":"","background-media":"","overlay-type":"","overlay-color":"","overlay-opacity":"","overlay-gradient":""},"tablet":{"background-color":"","background-image":"","background-repeat":"repeat","background-position":"center center","background-size":"auto","background-attachment":"scroll","background-type":"","background-media":"","overlay-type":"","overlay-color":"","overlay-opacity":"","overlay-gradient":""},"mobile":{"background-color":"","background-image":"","background-repeat":"repeat","background-position":"center center","background-size":"auto","background-attachment":"scroll","background-type":"","background-media":"","overlay-type":"","overlay-color":"","overlay-opacity":"","overlay-gradient":""}},"ast-content-background-meta":{"desktop":{"background-color":"var(--ast-global-color-5)","background-image":"","background-repeat":"repeat","background-position":"center center","background-size":"auto","background-attachment":"scroll","background-type":"","background-media":"","overlay-type":"","overlay-color":"","overlay-opacity":"","overlay-gradient":""},"tablet":{"background-color":"var(--ast-global-color-5)","background-image":"","background-repeat":"repeat","background-position":"center center","background-size":"auto","background-attachment":"scroll","background-type":"","background-media":"","overlay-type":"","overlay-color":"","overlay-opacity":"","overlay-gradient":""},"mobile":{"background-color":"var(--ast-global-color-5)","background-image":"","background-repeat":"repeat","background-position":"center center","background-size":"auto","background-attachment":"scroll","background-type":"","background-media":"","overlay-type":"","overlay-color":"","overlay-opacity":"","overlay-gradient":""}},"footnotes":""},"class_list":["post-3726","page","type-page","status-publish","hentry"],"_links":{"self":[{"href":"https:\/\/grupoeventoplus.com\/es\/wp-json\/wp\/v2\/pages\/3726","targetHints":{"allow":["GET"]}}],"collection":[{"href":"https:\/\/grupoeventoplus.com\/es\/wp-json\/wp\/v2\/pages"}],"about":[{"href":"https:\/\/grupoeventoplus.com\/es\/wp-json\/wp\/v2\/types\/page"}],"author":[{"embeddable":true,"href":"https:\/\/grupoeventoplus.com\/es\/wp-json\/wp\/v2\/users\/8"}],"replies":[{"embeddable":true,"href":"https:\/\/grupoeventoplus.com\/es\/wp-json\/wp\/v2\/comments?post=3726"}],"version-history":[{"count":0,"href":"https:\/\/grupoeventoplus.com\/es\/wp-json\/wp\/v2\/pages\/3726\/revisions"}],"wp:attachment":[{"href":"https:\/\/grupoeventoplus.com\/es\/wp-json\/wp\/v2\/media?parent=3726"}],"curies":[{"name":"wp","href":"https:\/\/api.w.org\/{rel}","templated":true}]}}