{"id":2327,"date":"2021-10-30T08:41:48","date_gmt":"2021-10-30T08:41:48","guid":{"rendered":"https:\/\/grupoeventoplus.com\/?page_id=2327"},"modified":"2022-02-28T15:43:52","modified_gmt":"2022-02-28T15:43:52","slug":"politica-de-privacidad","status":"publish","type":"page","link":"https:\/\/grupoeventoplus.com\/es\/politica-de-privacidad\/","title":{"rendered":"Pol\u00edtica de Privacidad"},"content":{"rendered":"\t\t<div data-elementor-type=\"wp-page\" data-elementor-id=\"2327\" class=\"elementor elementor-2327\" data-elementor-post-type=\"page\">\n\t\t\t\t\t\t<section class=\"elementor-section elementor-top-section elementor-element elementor-element-b4e87a4 elementor-section-boxed elementor-section-height-default elementor-section-height-default\" data-id=\"b4e87a4\" data-element_type=\"section\" data-e-type=\"section\">\n\t\t\t\t\t\t<div class=\"elementor-container elementor-column-gap-extended\">\n\t\t\t\t\t<div class=\"elementor-column elementor-col-100 elementor-top-column elementor-element elementor-element-03f8d38\" data-id=\"03f8d38\" data-element_type=\"column\" data-e-type=\"column\">\n\t\t\t<div class=\"elementor-widget-wrap elementor-element-populated\">\n\t\t\t\t\t\t<div class=\"elementor-element elementor-element-d8c6dad elementor-widget elementor-widget-heading\" data-id=\"d8c6dad\" data-element_type=\"widget\" data-e-type=\"widget\" data-widget_type=\"heading.default\">\n\t\t\t\t<div class=\"elementor-widget-container\">\n\t\t\t\t\t<h1 class=\"elementor-heading-title elementor-size-default\">Pol\u00edtica de Privacidad<\/h1>\t\t\t\t<\/div>\n\t\t\t\t<\/div>\n\t\t\t\t<div class=\"elementor-element elementor-element-64194b7 elementor-widget elementor-widget-text-editor\" data-id=\"64194b7\" data-element_type=\"widget\" data-e-type=\"widget\" data-widget_type=\"text-editor.default\">\n\t\t\t\t<div class=\"elementor-widget-container\">\n\t\t\t\t\t\t\t\t\t<h5>Responsable del tratamiento<\/h5><p><strong>Identidad:\u00a0<\/strong><strong>EVENTOPLUS MEDIOS, S.L. <\/strong>(tambi\u00e9n el prestador)<br \/><strong>Cif:\u00a0<\/strong>\u00a0B62272398<br \/><strong>Direcci\u00f3n postal:\u00a0<\/strong>\u00a0C\/ Diputaci\u00f3n, 256, 5\u00ba 1\u00aa,, 08007, Barcelona, BARCELONA<br \/><strong>Correo electr\u00f3nico:\u00a0<\/strong>admin@eventoplus.com<\/p><p><strong>EVENTOPLUS MEDIOS, S.L.<\/strong>, como responsable del Sitio web, de conformidad con lo que dispone el Reglamento (UE) 2016\/679 de 27 de abril de 2016 (RGPD)\u00a0relativo a la protecci\u00f3n de las personas f\u00edsicas en cuanto al tratamiento de datos personales y a la libre circulaci\u00f3n de estos datos y dem\u00e1s normativa vigente en materia de protecci\u00f3n de datos personales, y por la Ley 34\/2002, de 11 de julio, de Servicios de la Sociedad de la Informaci\u00f3n y del Comercio Electr\u00f3nico (LSSICE), le informa de que tiene implementadas las medidas de seguridad necesarias, de \u00edndole t\u00e9cnica y organizativas, para garantizar y proteger la confidencialidad, integridad y disponibilidad de los datos introducidos.<\/p><h5>Finalidad del tratamiento<\/h5><p>Sus datos personales s\u00f3lo se utilizar\u00e1n para las finalidades siguientes:<\/p><ul><li>tratamiento de sus datos facilitando as\u00ed la actividad comercial del usuario y poni\u00e9ndolo en contacto con los agentes compradores en el mercado de eventos,<\/li><li>facilitarle informaci\u00f3n del sector de eventos y comunicarle las promociones comerciales o acciones de fidelizaci\u00f3n o marketing, en caso de que el Usuario haya consentido expresamente al env\u00edo de comunicaciones comerciales por v\u00eda electr\u00f3nica mediante la suscripci\u00f3n de la NEWSLETTER;<\/li><li>gesti\u00f3n comercial de clientes y potenciales clientes,<\/li><li>Gesti\u00f3n de comunicaci\u00f3n, de servicios y acciones de inter\u00e9s para el cliente y potencial cliente y prospecci\u00f3n comercial.<\/li><li>gesti\u00f3n de los productos y servicios contratados por el cliente a la compa\u00f1\u00eda.<\/li><\/ul><p>Puede revocar en cualquier momento su consentimiento remitiendo un escrito con el asunto \u201cBaja\u201d a\u00a0admin@eventoplus.com.<\/p><p>De acuerdo con la LSSICE, <strong>EVENTOPLUS MEDIOS, S.L.<\/strong> no realiza pr\u00e1cticas de SPAM, por lo tanto, no env\u00eda correos comerciales por e-mail que no hayan sido previamente solicitados o autorizados por el Usuario. En consecuencia, en todas las comunicaciones que recibir\u00e1 del prestador, el usuario tiene la posibilidad de cancelar su consentimiento expreso para recibir nuestras comunicaciones.<\/p><p>No trataremos sus datos personales para ninguna otra finalidad de las descritas salvo por obligaci\u00f3n legal o requerimiento judicial.<\/p><p>Sus datos se conservar\u00e1n mientras dure la relaci\u00f3n comercial con nosotros o ejercite su derecho de cancelaci\u00f3n u oposici\u00f3n, o limitaci\u00f3n al tratamiento. Sin embargo, conservaremos determinados datos personales identificativos y del tr\u00e1fico durante el plazo m\u00e1ximo de 2 a\u00f1os para el caso de que fuera requerido por los Jueces y Tribunales o para incoar acciones internas derivadas del uso indebido de la p\u00e1gina web.<\/p><p>No ser\u00e1 objeto de decisiones basadas en tratamientos automatizados que produzcan efectos sobre sus datos.<\/p><h4><strong>Legitimaci\u00f3n del tratamiento<\/strong><\/h4><p>La base legal para el tratamiento de los datos es su consentimiento otorgado para llevar a cabo las finalidades anteriormente descritas, que se solicitar\u00e1 en el momento de marcado de la casilla correspondiente a la hora de recoger sus datos.<\/p><p>El no facilitar los datos personales solicitados o el no aceptar la presente pol\u00edtica de protecci\u00f3n de datos supone la imposibilidad de subscribirse, registrarse o recibir informaci\u00f3n de los productos y servicios del Prestador.<\/p><h4>Destinatarios de cesiones o transferencias<\/h4><p>Los datos personales del usuario nunca ser\u00e1n facilitados a empresas ajenas a Grupo Eventoplus. Sin embargo, salvo que no indique lo contrario, los utilizaremos con la finalidad de ofrecerte informaci\u00f3n, noticias y novedades sobre el sector de meetings y eventos, atender sus consultas e incidencias y ofrecerle informaci\u00f3n sobre productos, servicios y promociones propios a trav\u00e9s de cualquiera de las marcas de Grupo Eventoplus, bien por medios electr\u00f3nicos, dispositivos m\u00f3viles o cualquier otro medio que se haya previsto y facilitado, as\u00ed como tambi\u00e9n remitirte acciones publicitarias o de prospecci\u00f3n comercial sobre productos o servicios de terceros y que puedan ser de su inter\u00e9s, pertenecientes al sector de eventos.<\/p><p>La informaci\u00f3n que usted nos proporcione tanto a trav\u00e9s de este sitio web como a trav\u00e9s de la aplicaci\u00f3n ser\u00e1 alojada en los servidores de <strong>EVENTOPLUS MEDIOS, S.L.<\/strong>, contratados a la empresa\u00a0 PIXELXEN, SL con CIF B64879323 y domicilio fiscal sito en C\/ Concepci\u00f3n Arenal, 156, Entlo, 2\u00ba El tratamiento de los datos de dicha entidad se encuentra regulado mediante un contrato de encargado del tratamiento entre el prestador y dicha empresa. En ning\u00fan caso este encargado del tratamiento subcontratar\u00e1 servicios que comporten alg\u00fan tratamiento de datos por terceros sin nuestro previo consentimiento.<\/p><h4><strong>Derechos de las personas interesadas<\/strong><\/h4><p>Como usuario-interesado, puede solicitar el ejercicio de los siguientes derechos ante <strong>EVENTOPLUS MEDIOS, S.L. <\/strong>presentando un escrito a la direcci\u00f3n postal del encabezamiento o enviando un correo electr\u00f3nico a admin@eventoplus.com, indicando como Asunto: \u201cLOPD, Derechos ARCO\u201d, y adjuntando fotocopia de su DNI o cualquier medio an\u00e1logo en derecho, tal y como indica la ley.<\/p><p><strong>Derechos:<\/strong><\/p><ul><li><strong>Derecho de acceso:<\/strong>\u00a0permite al interesado conocer y obtener informaci\u00f3n sobre sus datos de car\u00e1cter personal sometidos a tratamiento.<\/li><li><strong>Derecho de <\/strong><strong>rectificaci\u00f3n o supresi\u00f3n:<\/strong>\u00a0permite corregir errores y modificar los datos que resulten ser inexactos o incompletos.<\/li><li><strong>Derecho de cancelaci\u00f3n:<\/strong>\u00a0permite que se supriman los datos que resulten ser inadecuados o excesivos.<\/li><li><strong>Derecho de oposici\u00f3n:<\/strong>\u00a0derecho del interesado a que no se lleve a cabo el tratamiento de sus datos de car\u00e1cter personal o se cese en el mismo.<\/li><li><strong>Limitaci\u00f3n del tratamiento:<\/strong>\u00a0conlleva el marcado de los datos personales conservados, con la finalidad de limitar su futuro tratamiento.<\/li><li><strong>Portabilidad de los datos:<\/strong>\u00a0facilitaci\u00f3n de los datos objeto de tratamiento al interesado, a fin de que \u00e9ste pueda transmitirlos a otro responsable, sin impedimentos.<\/li><li><strong>Derecho a no ser objeto de decisiones individuales automatizadas<\/strong>\u00a0(incluida la elaboraci\u00f3n de perfiles): derecho a no ser objeto de una decisi\u00f3n basada en el tratamiento automatizado que produzca efectos o afecte significativamente.<\/li><\/ul><p>Como usuario, tiene derecho a retirar el consentimiento prestado en cualquier momento. La retirada del consentimiento no afectar\u00e1 a la licitud del tratamiento efectuado antes de la retirada del consentimiento.<\/p><p>Tambi\u00e9n tiene derecho a presentar una reclamaci\u00f3n ante la autoridad de control si considera que pueden haberse visto vulnerados sus derechos con relaci\u00f3n a la protecci\u00f3n de sus datos (agpd.es).<\/p><h4>Informaci\u00f3n adicional<\/h4><p><strong>Informaci\u00f3n que recabamos<\/strong><\/p><p>Cuando el usuario registre una cuenta en la plataforma, realice un pedido, una solicitud de presupuesto, se suscriba a la newsletter, responda a una encuesta o realice cualquier otra acci\u00f3n a trav\u00e9s de nuestra web o comunicaci\u00f3n electr\u00f3nica con nosotros, se recopilan los datos de contacto b\u00e1sicos, como la direcci\u00f3n de correo electr\u00f3nico y el nombre de la persona de contacto, cargo, nombre de la empresa, actividad, direcci\u00f3n, n\u00famero de tel\u00e9fono, CIF, cualquier n\u00famero de orden de compra, direcci\u00f3n f\u00edsica o de correo electr\u00f3nico de los receptores del servicio o comunicaci\u00f3n solicitado y datos enmascarados de la tarjeta de cr\u00e9dito o de la cuenta bancaria y son guardados en la m\u00e1s estricta confidencialidad.<\/p><p>A trav\u00e9s de esta Pol\u00edtica de\u00a0Privacidad\u00a0le informamos que las fotograf\u00edas que est\u00e9n colgadas en la web son propiedad de <strong>EVENTOPLUS MEDIOS, S.L.<\/strong>, incluyendo las de los menores, en las que, para la obtenci\u00f3n de estas, se ha obtenido el consentimiento previo de los padres, tutores o representantes legales mediante la firma de los formularios realizados al efecto por los centros en los cuales los menores forman parte. Sin embargo, los padres, tutores o representantes de los menores, como titulares del ejercicio de los derechos de estos, y siempre previo requerimiento formal por escrito, pueden indicar la negativa al uso de la imagen del menor; en este caso, la imagen se mostrar\u00e1\u00a0pixelada.<\/p><h4>Redes sociales<\/h4><p>Le informamos que <strong>EVENTOPLUS MEDIOS, S.L.<\/strong> puede tener presencia en redes sociales. El tratamiento de los datos que se lleve a cabo de las personas que se hagan seguidoras en las redes sociales (y\/o realicen cualquier v\u00ednculo o acci\u00f3n de conexi\u00f3n a trav\u00e9s de las redes sociales) de las p\u00e1ginas oficiales de <strong>EVENTOPLUS MEDIOS, S.L.<\/strong> se regir\u00e1 por este apartado, as\u00ed como por aquellas condiciones de uso, pol\u00edticas de privacidad y normativas de acceso que pertenezcan a la red social que proceda en cada caso y aceptadas previamente por el usuario.<\/p><p>EVENTOPLUS MEDIOS, S.L. tratar\u00e1 sus datos con las finalidades de administrar correctamente su presencia en la red social, inform\u00e1ndole de actividades, productos o servicios del prestador, as\u00ed como para cualquier otra finalidad que las normativas de las Redes Sociales permitan.<\/p><p>Queda prohibida la publicaci\u00f3n de contenidos:<\/p><p>&#8211; Que sean presuntamente il\u00edcitos por la normativa nacional, comunitaria o internacional o que realicen actividades presuntamente il\u00edcitas o contravengan los principios de la buena fe.<\/p><p>&#8211; Que atenten contra los derechos fundamentales de las personas, falten a la cortes\u00eda en la red, molesten o puedan generar opiniones negativas en nuestros usuarios o terceros y en general cualesquiera sean los contenidos que <strong>EVENTOPLUS MEDIOS, S.L.<\/strong> considere inapropiados.<\/p><p>&#8211; Y en general que contravengan los principios de legalidad, honradez, responsabilidad, protecci\u00f3n de la dignidad humana, protecci\u00f3n de menores, protecci\u00f3n del orden p\u00fablico, la protecci\u00f3n de la vida privada, la protecci\u00f3n del consumidor y los derechos de propiedad intelectual e industrial.<\/p><p>Asimismo, EVENTOPLUS MEDIOS, S.L. se reserva la potestad de retirar, sin previo aviso del sitio web o de la red social corporativa aquellos contenidos que se consideren inapropiados.<\/p><p>Las comunicaciones remitidas a trav\u00e9s de las redes sociales ser\u00e1n incorporadas a un archivo propiedad de EVENTOPLUS MEDIOS, S.L., pudi\u00e9ndole enviar informaci\u00f3n de su inter\u00e9s.<\/p><p>Puede acceder a m\u00e1s informaci\u00f3n, as\u00ed como consultar las empresas que forman parte de <strong>EVENTOPLUS MEDIOS, S.L.<\/strong>, mediante el siguiente enlace: www. [LSSI_Web]\/politicadeprivacidad.<\/p><p>En todo caso, si Vd. remite informaci\u00f3n personal a trav\u00e9s de la red social, EVENTOPLUS MEDIOS, S.L. quedar\u00e1 exento de responsabilidad en relaci\u00f3n con las medidas de seguridad aplicables a la presente plataforma, debiendo el usuario en caso de querer conocerlas, consultar las correspondientes condiciones particulares de la red en cuesti\u00f3n.<\/p><h4>Medidas de seguridad<\/h4><p>Los datos que nos facilite se tratar\u00e1n de forma confidencial. El Prestador ha adoptado todas las medidas t\u00e9cnicas y organizativas y todos los niveles de protecci\u00f3n necesarios para garantizar la seguridad en el tratamiento de los datos y evitar su alteraci\u00f3n, p\u00e9rdida, robo, tratamiento o acceso no autorizado, de acuerdo el estado de la tecnolog\u00eda y naturaleza de los datos almacenados. As\u00ed mismo, se garantiza tambi\u00e9n que el tratamiento y registro en ficheros, programas, sistemas o equipos, locales y centros cumplen con los requisitos y condiciones de integridad y seguridad establecidas en la normativa vigente.<\/p><h4>Idioma<\/h4><p>El idioma aplicable a esta Pol\u00edtica de Privacidad es el espa\u00f1ol. Por tanto, en caso de que hubiera alguna contradicci\u00f3n en alguna de las versiones facilitadas en otros idiomas, prevalecer\u00e1 la versi\u00f3n en espa\u00f1ol.<\/p><h4>Cambios en la presente pol\u00edtica de privacidad<\/h4><p><strong>EVENTOPLUS MEDIOS, S.L. <\/strong>se reserva el derecho a modificar la presente pol\u00edtica para adaptarla a novedades legislativas o jurisprudenciales.<\/p><h4>Legislaci\u00f3n<\/h4><p>A todos los efectos las relaciones entre <strong>EVENTOPLUS MEDIOS, S.L.<\/strong>\u00a0con los Usuarios de sus servicios telem\u00e1ticos, presentes en esta Web, est\u00e1n sometidos a la legislaci\u00f3n y jurisdicci\u00f3n espa\u00f1ola a la que se someten expresamente las partes, siendo competentes por la resoluci\u00f3n de todos los conflictos derivados o relacionados con su uso los Juzgados y Tribunales de <strong>BARCELONA.<\/strong><\/p><p>El uso del Portal implica al Usuario la plena aceptaci\u00f3n de las disposiciones incluidas en el Aviso Legal y la Pol\u00edtica de Privacidad, en la versi\u00f3n publicada por Grupo Eventoplus, en el momento en que el Usuario accede al Portal. En este sentido, Grupo Eventoplus aconseja leer peri\u00f3dicamente las presentes Condiciones Legales.<\/p><p>Al registrarse, el usuario manifiesta haber le\u00eddo y aceptado expresamente el Aviso Legal y la Pol\u00edtica de Privacidad, y otorga su consentimiento inequ\u00edvoco y expreso al tratamiento de sus datos personales conforme a las finalidades y servicios informados, as\u00ed como la cesi\u00f3n de sus datos personales a terceros a efectos exclusivos del cumplimiento del servicio a prestar al Usuario por parte de Grupo Eventoplus.<\/p>\t\t\t\t\t\t\t\t<\/div>\n\t\t\t\t<\/div>\n\t\t\t\t\t<\/div>\n\t\t<\/div>\n\t\t\t\t\t<\/div>\n\t\t<\/section>\n\t\t\t\t<\/div>\n\t\t","protected":false},"excerpt":{"rendered":"<p>Pol\u00edtica de Privacidad Responsable del tratamiento Identidad:\u00a0EVENTOPLUS MEDIOS, S.L. (tambi\u00e9n el prestador)Cif:\u00a0\u00a0B62272398Direcci\u00f3n postal:\u00a0\u00a0C\/ Diputaci\u00f3n, 256, 5\u00ba 1\u00aa,, 08007, Barcelona, BARCELONACorreo electr\u00f3nico:\u00a0admin@eventoplus.com EVENTOPLUS MEDIOS, S.L., como responsable del Sitio web, de conformidad con lo que dispone el Reglamento (UE) 2016\/679 de 27 de abril de 2016 (RGPD)\u00a0relativo a la protecci\u00f3n de las personas f\u00edsicas en cuanto [&hellip;]<\/p>\n","protected":false},"author":1,"featured_media":0,"parent":0,"menu_order":0,"comment_status":"closed","ping_status":"closed","template":"","meta":{"site-sidebar-layout":"no-sidebar","site-content-layout":"page-builder","ast-site-content-layout":"default","site-content-style":"default","site-sidebar-style":"default","ast-global-header-display":"","ast-banner-title-visibility":"","ast-main-header-display":"","ast-hfb-above-header-display":"","ast-hfb-below-header-display":"","ast-hfb-mobile-header-display":"","site-post-title":"disabled","ast-breadcrumbs-content":"","ast-featured-img":"disabled","footer-sml-layout":"","ast-disable-related-posts":"","theme-transparent-header-meta":"","adv-header-id-meta":"","stick-header-meta":"","header-above-stick-meta":"","header-main-stick-meta":"","header-below-stick-meta":"","astra-migrate-meta-layouts":"default","ast-page-background-enabled":"default","ast-page-background-meta":{"desktop":{"background-color":"","background-image":"","background-repeat":"repeat","background-position":"center center","background-size":"auto","background-attachment":"scroll","background-type":"","background-media":"","overlay-type":"","overlay-color":"","overlay-opacity":"","overlay-gradient":""},"tablet":{"background-color":"","background-image":"","background-repeat":"repeat","background-position":"center center","background-size":"auto","background-attachment":"scroll","background-type":"","background-media":"","overlay-type":"","overlay-color":"","overlay-opacity":"","overlay-gradient":""},"mobile":{"background-color":"","background-image":"","background-repeat":"repeat","background-position":"center center","background-size":"auto","background-attachment":"scroll","background-type":"","background-media":"","overlay-type":"","overlay-color":"","overlay-opacity":"","overlay-gradient":""}},"ast-content-background-meta":{"desktop":{"background-color":"var(--ast-global-color-5)","background-image":"","background-repeat":"repeat","background-position":"center center","background-size":"auto","background-attachment":"scroll","background-type":"","background-media":"","overlay-type":"","overlay-color":"","overlay-opacity":"","overlay-gradient":""},"tablet":{"background-color":"var(--ast-global-color-5)","background-image":"","background-repeat":"repeat","background-position":"center center","background-size":"auto","background-attachment":"scroll","background-type":"","background-media":"","overlay-type":"","overlay-color":"","overlay-opacity":"","overlay-gradient":""},"mobile":{"background-color":"var(--ast-global-color-5)","background-image":"","background-repeat":"repeat","background-position":"center center","background-size":"auto","background-attachment":"scroll","background-type":"","background-media":"","overlay-type":"","overlay-color":"","overlay-opacity":"","overlay-gradient":""}},"footnotes":""},"class_list":["post-2327","page","type-page","status-publish","hentry"],"_links":{"self":[{"href":"https:\/\/grupoeventoplus.com\/es\/wp-json\/wp\/v2\/pages\/2327","targetHints":{"allow":["GET"]}}],"collection":[{"href":"https:\/\/grupoeventoplus.com\/es\/wp-json\/wp\/v2\/pages"}],"about":[{"href":"https:\/\/grupoeventoplus.com\/es\/wp-json\/wp\/v2\/types\/page"}],"author":[{"embeddable":true,"href":"https:\/\/grupoeventoplus.com\/es\/wp-json\/wp\/v2\/users\/1"}],"replies":[{"embeddable":true,"href":"https:\/\/grupoeventoplus.com\/es\/wp-json\/wp\/v2\/comments?post=2327"}],"version-history":[{"count":0,"href":"https:\/\/grupoeventoplus.com\/es\/wp-json\/wp\/v2\/pages\/2327\/revisions"}],"wp:attachment":[{"href":"https:\/\/grupoeventoplus.com\/es\/wp-json\/wp\/v2\/media?parent=2327"}],"curies":[{"name":"wp","href":"https:\/\/api.w.org\/{rel}","templated":true}]}}