{"id":2261,"date":"2019-07-25T10:36:23","date_gmt":"2019-07-25T10:36:23","guid":{"rendered":"https:\/\/grupoeventoplus.com\/nuestra-historia\/"},"modified":"2025-03-05T13:02:16","modified_gmt":"2025-03-05T13:02:16","slug":"nuestra-historia","status":"publish","type":"page","link":"https:\/\/grupoeventoplus.com\/es\/nuestra-historia\/","title":{"rendered":"NOSOTROS"},"content":{"rendered":"\t\t<div data-elementor-type=\"wp-page\" data-elementor-id=\"2261\" class=\"elementor elementor-2261\" data-elementor-post-type=\"page\">\n\t\t\t\t\t\t<section class=\"elementor-section elementor-top-section elementor-element elementor-element-8953e53 elementor-section-boxed elementor-section-height-default elementor-section-height-default\" data-id=\"8953e53\" data-element_type=\"section\" data-e-type=\"section\">\n\t\t\t\t\t\t<div class=\"elementor-container elementor-column-gap-default\">\n\t\t\t\t\t<div class=\"elementor-column elementor-col-100 elementor-top-column elementor-element elementor-element-7b236703\" data-id=\"7b236703\" data-element_type=\"column\" data-e-type=\"column\">\n\t\t\t<div class=\"elementor-widget-wrap elementor-element-populated\">\n\t\t\t\t\t\t<div class=\"elementor-element elementor-element-c3b7bb0 elementor-widget elementor-widget-image\" data-id=\"c3b7bb0\" data-element_type=\"widget\" data-e-type=\"widget\" data-widget_type=\"image.default\">\n\t\t\t\t<div class=\"elementor-widget-container\">\n\t\t\t\t\t\t\t\t\t\t\t\t\t\t\t<img fetchpriority=\"high\" decoding=\"async\" width=\"1024\" height=\"342\" src=\"https:\/\/grupoeventoplus.com\/wp-content\/uploads\/2023\/01\/PP2-1024x342.jpg\" class=\"attachment-large size-large wp-image-13236\" alt=\"\" srcset=\"https:\/\/grupoeventoplus.com\/wp-content\/uploads\/2023\/01\/PP2-1024x342.jpg 1024w, https:\/\/grupoeventoplus.com\/wp-content\/uploads\/2023\/01\/PP2-300x100.jpg 300w, https:\/\/grupoeventoplus.com\/wp-content\/uploads\/2023\/01\/PP2-768x256.jpg 768w, https:\/\/grupoeventoplus.com\/wp-content\/uploads\/2023\/01\/PP2-1536x513.jpg 1536w, https:\/\/grupoeventoplus.com\/wp-content\/uploads\/2023\/01\/PP2.jpg 1800w\" sizes=\"(max-width: 1024px) 100vw, 1024px\" \/>\t\t\t\t\t\t\t\t\t\t\t\t\t\t\t<\/div>\n\t\t\t\t<\/div>\n\t\t\t\t<div class=\"elementor-element elementor-element-5eeaef9a elementor-widget elementor-widget-text-editor\" data-id=\"5eeaef9a\" data-element_type=\"widget\" data-e-type=\"widget\" data-widget_type=\"text-editor.default\">\n\t\t\t\t<div class=\"elementor-widget-container\">\n\t\t\t\t\t\t\t\t\t<p>Nuestro viaje empez\u00f3 en el a\u00f1o 2000 cuando tres personas de perfiles profesionales diferentes y culturas distintas decidieron emprender una nueva aventura. Entre \u201cni hao\u201d, \u201chola\u201d y \u201cbonjour\u201d, naci\u00f3 Grupo eventoplus, como el grupo de medios MICE en Espa\u00f1a.<\/p><div><p>Tenemos una misi\u00f3n muy clara&#8230; c<span style=\"background-color: var(--ast-global-color-5); color: var(--ast-global-color-3); font-style: inherit; font-weight: inherit;\">onectar a los profesionales de meetings y eventos y aportar valor con la mejor informaci\u00f3n y conocimiento.<\/span><\/p><p><span style=\"font-size: 16px;\">\u00bfNuestra visi\u00f3n? Profesionalizar el sector, crear redes de contactos s\u00f3lidas capaces de hacer los mejores eventos.<\/span><\/p><\/div><p>Y tambi\u00e9n cuidamos nuestro planeta\u2026 Somos conscientes que los eventos son un generador potente de CO2 y residuos. De nuestra parte, tenemos un plan medioambiental para reducir nuestro impacto sobre el planeta en la producci\u00f3n y distribuci\u00f3n de nuestra revista, eventos Magazine\u00a0<a href=\"https:\/\/www.eventoplus.com\/sostenibilidad\/\" target=\"_blank\" rel=\"noopener\">[+]<\/a>, as\u00ed como la compensaci\u00f3n de nuestra huella de carbono de nuestros eventos<strong>.<\/strong><\/p><p>25 a\u00f1os despu\u00e9s, nuestra pasi\u00f3n por lo que hacemos ha dado sus frutos y podemos ofreceros un portafolio de productos y servicios muy amplio que tiene detr\u00e1s a un apasionado equipo de profesionales. Con sudor y l\u00e1grimas, muchos caf\u00e9s y alguna cerveza, siempre con una sonrisa y arropados por las amistades que hemos hecho en todo estos a\u00f1os, te conectamos con los profesionales MICE con nuestros medios: online, papel, face-to-face, premios y nuestra comunidad en RRSS\u2026 un portafolio transmedia para estar cerca de ti y aproximarte a qui\u00e9n t\u00fa necesitas. Y, \u00bfsabes qu\u00e9? Nos flipa tanto como el primer d\u00eda.<\/p><p>\u00a1Conoce al equipo completo! <a href=\"https:\/\/grupoeventoplus.com\/equipo\/\" rel=\"\\&quot;noopener\\&quot;\">[+]<\/a><\/p>\t\t\t\t\t\t\t\t<\/div>\n\t\t\t\t<\/div>\n\t\t\t\t<div class=\"elementor-element elementor-element-bad2344 elementor-widget elementor-widget-image\" data-id=\"bad2344\" data-element_type=\"widget\" data-e-type=\"widget\" data-widget_type=\"image.default\">\n\t\t\t\t<div class=\"elementor-widget-container\">\n\t\t\t\t\t\t\t\t\t\t\t\t\t\t\t<img decoding=\"async\" width=\"1024\" height=\"328\" src=\"https:\/\/grupoeventoplus.com\/wp-content\/uploads\/2024\/08\/timeline-Grupo_2024-ESP-1024x328.jpg\" class=\"attachment-large size-large wp-image-17747\" alt=\"timeline-Grupo_2024-ESP\" srcset=\"https:\/\/grupoeventoplus.com\/wp-content\/uploads\/2024\/08\/timeline-Grupo_2024-ESP-1024x328.jpg 1024w, https:\/\/grupoeventoplus.com\/wp-content\/uploads\/2024\/08\/timeline-Grupo_2024-ESP-300x96.jpg 300w, https:\/\/grupoeventoplus.com\/wp-content\/uploads\/2024\/08\/timeline-Grupo_2024-ESP-768x246.jpg 768w, https:\/\/grupoeventoplus.com\/wp-content\/uploads\/2024\/08\/timeline-Grupo_2024-ESP-1536x493.jpg 1536w, https:\/\/grupoeventoplus.com\/wp-content\/uploads\/2024\/08\/timeline-Grupo_2024-ESP-2048x657.jpg 2048w, https:\/\/grupoeventoplus.com\/wp-content\/uploads\/2024\/08\/timeline-Grupo_2024-ESP-18x6.jpg 18w\" sizes=\"(max-width: 1024px) 100vw, 1024px\" \/>\t\t\t\t\t\t\t\t\t\t\t\t\t\t\t<\/div>\n\t\t\t\t<\/div>\n\t\t\t\t\t<\/div>\n\t\t<\/div>\n\t\t\t\t\t<\/div>\n\t\t<\/section>\n\t\t\t\t<section class=\"elementor-section elementor-top-section elementor-element elementor-element-d7f1f04 elementor-section-boxed elementor-section-height-default elementor-section-height-default\" data-id=\"d7f1f04\" data-element_type=\"section\" data-e-type=\"section\">\n\t\t\t\t\t\t<div class=\"elementor-container elementor-column-gap-default\">\n\t\t\t\t\t<div class=\"elementor-column elementor-col-100 elementor-top-column elementor-element elementor-element-c2e44e3\" data-id=\"c2e44e3\" data-element_type=\"column\" data-e-type=\"column\">\n\t\t\t<div class=\"elementor-widget-wrap elementor-element-populated\">\n\t\t\t\t\t\t<div class=\"elementor-element elementor-element-3912287 elementor-widget elementor-widget-image\" data-id=\"3912287\" data-element_type=\"widget\" data-e-type=\"widget\" data-widget_type=\"image.default\">\n\t\t\t\t<div class=\"elementor-widget-container\">\n\t\t\t\t\t\t\t\t\t\t\t\t\t\t\t\t<a href=\"https:\/\/www.eventoplus.com\/finder\/\">\n\t\t\t\t\t\t\t<img decoding=\"async\" width=\"728\" height=\"90\" src=\"https:\/\/grupoeventoplus.com\/wp-content\/uploads\/2025\/03\/Hola-Finder-728x90-1.gif\" class=\"attachment-large size-large wp-image-18162\" alt=\"\" \/>\t\t\t\t\t\t\t\t<\/a>\n\t\t\t\t\t\t\t\t\t\t\t\t\t\t\t<\/div>\n\t\t\t\t<\/div>\n\t\t\t\t\t<\/div>\n\t\t<\/div>\n\t\t\t\t\t<\/div>\n\t\t<\/section>\n\t\t\t\t<\/div>\n\t\t","protected":false},"excerpt":{"rendered":"<p>Nuestro viaje empez\u00f3 en el a\u00f1o 2000 cuando tres personas de perfiles profesionales diferentes y culturas distintas decidieron emprender una nueva aventura. Entre \u201cni hao\u201d, \u201chola\u201d y \u201cbonjour\u201d, naci\u00f3 Grupo eventoplus, como el grupo de medios MICE en Espa\u00f1a. Tenemos una misi\u00f3n muy clara&#8230; conectar a los profesionales de meetings y eventos y aportar valor [&hellip;]<\/p>\n","protected":false},"author":8,"featured_media":0,"parent":0,"menu_order":0,"comment_status":"closed","ping_status":"closed","template":"","meta":{"site-sidebar-layout":"default","site-content-layout":"","ast-site-content-layout":"default","site-content-style":"default","site-sidebar-style":"default","ast-global-header-display":"","ast-banner-title-visibility":"","ast-main-header-display":"","ast-hfb-above-header-display":"","ast-hfb-below-header-display":"","ast-hfb-mobile-header-display":"","site-post-title":"","ast-breadcrumbs-content":"","ast-featured-img":"","footer-sml-layout":"","ast-disable-related-posts":"","theme-transparent-header-meta":"","adv-header-id-meta":"","stick-header-meta":"","header-above-stick-meta":"","header-main-stick-meta":"","header-below-stick-meta":"","astra-migrate-meta-layouts":"set","ast-page-background-enabled":"default","ast-page-background-meta":{"desktop":{"background-color":"","background-image":"","background-repeat":"repeat","background-position":"center center","background-size":"auto","background-attachment":"scroll","background-type":"","background-media":"","overlay-type":"","overlay-color":"","overlay-opacity":"","overlay-gradient":""},"tablet":{"background-color":"","background-image":"","background-repeat":"repeat","background-position":"center center","background-size":"auto","background-attachment":"scroll","background-type":"","background-media":"","overlay-type":"","overlay-color":"","overlay-opacity":"","overlay-gradient":""},"mobile":{"background-color":"","background-image":"","background-repeat":"repeat","background-position":"center center","background-size":"auto","background-attachment":"scroll","background-type":"","background-media":"","overlay-type":"","overlay-color":"","overlay-opacity":"","overlay-gradient":""}},"ast-content-background-meta":{"desktop":{"background-color":"var(--ast-global-color-5)","background-image":"","background-repeat":"repeat","background-position":"center center","background-size":"auto","background-attachment":"scroll","background-type":"","background-media":"","overlay-type":"","overlay-color":"","overlay-opacity":"","overlay-gradient":""},"tablet":{"background-color":"var(--ast-global-color-5)","background-image":"","background-repeat":"repeat","background-position":"center center","background-size":"auto","background-attachment":"scroll","background-type":"","background-media":"","overlay-type":"","overlay-color":"","overlay-opacity":"","overlay-gradient":""},"mobile":{"background-color":"var(--ast-global-color-5)","background-image":"","background-repeat":"repeat","background-position":"center center","background-size":"auto","background-attachment":"scroll","background-type":"","background-media":"","overlay-type":"","overlay-color":"","overlay-opacity":"","overlay-gradient":""}},"footnotes":""},"class_list":["post-2261","page","type-page","status-publish","hentry"],"_links":{"self":[{"href":"https:\/\/grupoeventoplus.com\/es\/wp-json\/wp\/v2\/pages\/2261","targetHints":{"allow":["GET"]}}],"collection":[{"href":"https:\/\/grupoeventoplus.com\/es\/wp-json\/wp\/v2\/pages"}],"about":[{"href":"https:\/\/grupoeventoplus.com\/es\/wp-json\/wp\/v2\/types\/page"}],"author":[{"embeddable":true,"href":"https:\/\/grupoeventoplus.com\/es\/wp-json\/wp\/v2\/users\/8"}],"replies":[{"embeddable":true,"href":"https:\/\/grupoeventoplus.com\/es\/wp-json\/wp\/v2\/comments?post=2261"}],"version-history":[{"count":25,"href":"https:\/\/grupoeventoplus.com\/es\/wp-json\/wp\/v2\/pages\/2261\/revisions"}],"predecessor-version":[{"id":18181,"href":"https:\/\/grupoeventoplus.com\/es\/wp-json\/wp\/v2\/pages\/2261\/revisions\/18181"}],"wp:attachment":[{"href":"https:\/\/grupoeventoplus.com\/es\/wp-json\/wp\/v2\/media?parent=2261"}],"curies":[{"name":"wp","href":"https:\/\/api.w.org\/{rel}","templated":true}]}}