{"id":4742,"date":"2023-01-03T11:01:09","date_gmt":"2023-01-03T11:01:09","guid":{"rendered":"https:\/\/grupoeventoplus.com\/sostenibilidad\/"},"modified":"2025-03-17T11:49:20","modified_gmt":"2025-03-17T11:49:20","slug":"sostenibilidad","status":"publish","type":"page","link":"https:\/\/grupoeventoplus.com\/en\/sostenibilidad\/","title":{"rendered":"SUSTAINABILITY"},"content":{"rendered":"<div data-elementor-type=\"wp-page\" data-elementor-id=\"4742\" class=\"elementor elementor-4742\" data-elementor-post-type=\"page\">\n\t\t\t\t\t\t<section class=\"elementor-section elementor-top-section elementor-element elementor-element-c6753a1 elementor-section-boxed elementor-section-height-default elementor-section-height-default\" data-id=\"c6753a1\" data-element_type=\"section\" data-e-type=\"section\">\n\t\t\t\t\t\t<div class=\"elementor-container elementor-column-gap-default\">\n\t\t\t\t\t<div class=\"elementor-column elementor-col-100 elementor-top-column elementor-element elementor-element-21ab2d5\" data-id=\"21ab2d5\" data-element_type=\"column\" data-e-type=\"column\">\n\t\t\t<div class=\"elementor-widget-wrap elementor-element-populated\">\n\t\t\t\t\t\t<div class=\"elementor-element elementor-element-c6caae7 elementor-widget elementor-widget-text-editor\" data-id=\"c6caae7\" data-element_type=\"widget\" data-e-type=\"widget\" data-widget_type=\"text-editor.default\">\n\t\t\t\t<div class=\"elementor-widget-container\">\n\t\t\t\t\t\t\t\t\t<h2><b>We are not good!<\/b><\/h2><h4><b>(but we are better than yesterday,\u00a0<\/b><b>and\u00a0<\/b><b>will be better tomorrow...)<\/b><\/h4>\t\t\t\t\t\t\t\t<\/div>\n\t\t\t\t<\/div>\n\t\t\t\t\t<\/div>\n\t\t<\/div>\n\t\t\t\t\t<\/div>\n\t\t<\/section>\n\t\t\t\t<section class=\"elementor-section elementor-top-section elementor-element elementor-element-772eb8f elementor-section-boxed elementor-section-height-default elementor-section-height-default\" data-id=\"772eb8f\" data-element_type=\"section\" data-e-type=\"section\">\n\t\t\t\t\t\t<div class=\"elementor-container elementor-column-gap-default\">\n\t\t\t\t\t<div class=\"elementor-column elementor-col-50 elementor-top-column elementor-element elementor-element-776f5df\" data-id=\"776f5df\" data-element_type=\"column\" data-e-type=\"column\">\n\t\t\t<div class=\"elementor-widget-wrap elementor-element-populated\">\n\t\t\t\t\t\t<div class=\"elementor-element elementor-element-ca64663 elementor-widget elementor-widget-text-editor\" data-id=\"ca64663\" data-element_type=\"widget\" data-e-type=\"widget\" data-widget_type=\"text-editor.default\">\n\t\t\t\t<div class=\"elementor-widget-container\">\n\t\t\t\t\t\t\t\t\t<p><br \/><br \/>Our greatest challenge is undoubtedly sustainability. We have to be leaders, proactive, committed in order to protect our planet, and be a responsible industry (and seen as such). We are not perfect, but we have to improve:<\/p>\t\t\t\t\t\t\t\t<\/div>\n\t\t\t\t<\/div>\n\t\t\t\t\t<\/div>\n\t\t<\/div>\n\t\t\t\t<div class=\"elementor-column elementor-col-50 elementor-top-column elementor-element elementor-element-760189c\" data-id=\"760189c\" data-element_type=\"column\" data-e-type=\"column\">\n\t\t\t<div class=\"elementor-widget-wrap elementor-element-populated\">\n\t\t\t\t\t\t<div class=\"elementor-element elementor-element-07d790d elementor-widget elementor-widget-image\" data-id=\"07d790d\" data-element_type=\"widget\" data-e-type=\"widget\" data-widget_type=\"image.default\">\n\t\t\t\t<div class=\"elementor-widget-container\">\n\t\t\t\t\t\t\t\t\t\t\t\t\t\t\t<img fetchpriority=\"high\" decoding=\"async\" width=\"400\" height=\"300\" src=\"https:\/\/grupoeventoplus.com\/wp-content\/uploads\/2023\/01\/compromiso.png\" class=\"attachment-large size-large wp-image-4743\" alt=\"\" srcset=\"https:\/\/grupoeventoplus.com\/wp-content\/uploads\/2023\/01\/compromiso.png 400w, https:\/\/grupoeventoplus.com\/wp-content\/uploads\/2023\/01\/compromiso-300x225.png 300w\" sizes=\"(max-width: 400px) 100vw, 400px\" \/>\t\t\t\t\t\t\t\t\t\t\t\t\t\t\t<\/div>\n\t\t\t\t<\/div>\n\t\t\t\t\t<\/div>\n\t\t<\/div>\n\t\t\t\t\t<\/div>\n\t\t<\/section>\n\t\t\t\t<section class=\"elementor-section elementor-top-section elementor-element elementor-element-f8a6a90 elementor-section-boxed elementor-section-height-default elementor-section-height-default\" data-id=\"f8a6a90\" data-element_type=\"section\" data-e-type=\"section\">\n\t\t\t\t\t\t<div class=\"elementor-container elementor-column-gap-default\">\n\t\t\t\t\t<div class=\"elementor-column elementor-col-50 elementor-top-column elementor-element elementor-element-8640a9e\" data-id=\"8640a9e\" data-element_type=\"column\" data-e-type=\"column\">\n\t\t\t<div class=\"elementor-widget-wrap elementor-element-populated\">\n\t\t\t\t\t\t<div class=\"elementor-element elementor-element-3ff6475 elementor-widget elementor-widget-text-editor\" data-id=\"3ff6475\" data-element_type=\"widget\" data-e-type=\"widget\" data-widget_type=\"text-editor.default\">\n\t\t\t\t<div class=\"elementor-widget-container\">\n\t\t\t\t\t\t\t\t\t<p><u><b>Be responsible in our activities<\/b><\/u><\/p><ul><li><b>The magazine <\/b>is printed on a paper certified by the Forest Stewardship Council <a href=\"https:\/\/fsc.org\/e\" target=\"\\&quot;_blank\\&quot;\" rel=\"\\&quot;noopener\\&quot;\">[+]<\/a> y se embolsa en pl\u00e1stico biodegradable, certificado por Seeding, OK Compost Home, BRC Packaging y BPA Free.<\/li><li>Evitamos el pl\u00e1stico de un solo en <strong>nuestros eventos<\/strong> (eliminamos vasos desechables de platico, sustituimos las fundas de los badges de pl\u00e1stico por las de cart\u00f3n&#8230;).<\/li><\/ul>\t\t\t\t\t\t\t\t<\/div>\n\t\t\t\t<\/div>\n\t\t\t\t\t<\/div>\n\t\t<\/div>\n\t\t\t\t<div class=\"elementor-column elementor-col-50 elementor-top-column elementor-element elementor-element-9cfd7ff\" data-id=\"9cfd7ff\" data-element_type=\"column\" data-e-type=\"column\">\n\t\t\t<div class=\"elementor-widget-wrap elementor-element-populated\">\n\t\t\t\t\t\t<div class=\"elementor-element elementor-element-48d4585 elementor-widget elementor-widget-text-editor\" data-id=\"48d4585\" data-element_type=\"widget\" data-e-type=\"widget\" data-widget_type=\"text-editor.default\">\n\t\t\t\t<div class=\"elementor-widget-container\">\n\t\t\t\t\t\t\t\t\t<p><u><b>Help the industry to be more responsible<\/b><\/u><\/p><ul><li><b>A sustainability section <\/b>al principio de la revista, presentando ideas y casos. <a href=\"https:\/\/www.eventoplus.com\/eventos-magazine\/\" target=\"_blank\" rel=\"\\&quot;noopener\\&quot;\">[+]<\/a><\/li><li><b>N\u00famero espec\u00edfico de eventos Magazine<\/b> sobre sostenibilidad (abr-2023). <a href=\"https:\/\/www.eventoplus.com\/publicaciones\/eventos-magazine-102\/\" target=\"_blank\" rel=\"\\&quot;noopener\\&quot;\">[+]<\/a><\/li><li><b>Category \u201cResponsible event\u201d<\/b> en los Premios eventoplus. <a href=\"https:\/\/premioseventoplus.com\/8965\/ganadores-2022\/\" target=\"\\&quot;_blank\\&quot;\" rel=\"\\&quot;noopener\\&quot;\">[+]<\/a><\/li><li><b>Meetings regarding sustainable events<\/b> \u2013 con la idea de definir una visi\u00f3n de futuro.<\/li><\/ul>\t\t\t\t\t\t\t\t<\/div>\n\t\t\t\t<\/div>\n\t\t\t\t\t<\/div>\n\t\t<\/div>\n\t\t\t\t\t<\/div>\n\t\t<\/section>\n\t\t\t\t<section class=\"elementor-section elementor-top-section elementor-element elementor-element-1b9bfa1c elementor-section-boxed elementor-section-height-default elementor-section-height-default\" data-id=\"1b9bfa1c\" data-element_type=\"section\" data-e-type=\"section\">\n\t\t\t\t\t\t<div class=\"elementor-container elementor-column-gap-default\">\n\t\t\t\t\t<div class=\"elementor-column elementor-col-100 elementor-top-column elementor-element elementor-element-2a7666b0\" data-id=\"2a7666b0\" data-element_type=\"column\" data-e-type=\"column\">\n\t\t\t<div class=\"elementor-widget-wrap elementor-element-populated\">\n\t\t\t\t\t\t<div class=\"elementor-element elementor-element-5a9e1360 elementor-widget elementor-widget-text-editor\" data-id=\"5a9e1360\" data-element_type=\"widget\" data-e-type=\"widget\" data-widget_type=\"text-editor.default\">\n\t\t\t\t<div class=\"elementor-widget-container\">\n\t\t\t\t\t\t\t\t\t<h4>Ay\u00fadanos: inf\u00f3rmanos de tus iniciativas responsables, queremos ser tu altavoz; y preg\u00fantanos por recursos o consejos de sostenibilidad.<\/h4><p><strong>Write to us at <a href=\"mailto:noticias@eventoplus.com\" target=\"_blank\" rel=\"noopener\">noticias@eventoplus.com<\/a><\/strong><\/p><h3><b>The events sector, part of the solution<\/b><\/h3>\t\t\t\t\t\t\t\t<\/div>\n\t\t\t\t<\/div>\n\t\t\t\t<div class=\"elementor-element elementor-element-c7e7e7b elementor-widget elementor-widget-image\" data-id=\"c7e7e7b\" data-element_type=\"widget\" data-e-type=\"widget\" data-widget_type=\"image.default\">\n\t\t\t\t<div class=\"elementor-widget-container\">\n\t\t\t\t\t\t\t\t\t\t\t\t\t\t\t\t<a href=\"https:\/\/www.eventoplus.com\/informes\/157543\/\">\n\t\t\t\t\t\t\t<img decoding=\"async\" src=\"https:\/\/grupoeventoplus.com\/wp-content\/uploads\/2023\/06\/728x90-3.gif\" title=\"\" alt=\"\" loading=\"lazy\" \/>\t\t\t\t\t\t\t\t<\/a>\n\t\t\t\t\t\t\t\t\t\t\t\t\t\t\t<\/div>\n\t\t\t\t<\/div>\n\t\t\t\t\t<\/div>\n\t\t<\/div>\n\t\t\t\t\t<\/div>\n\t\t<\/section>\n\t\t\t\t<section class=\"elementor-section elementor-top-section elementor-element elementor-element-12b3207 elementor-section-boxed elementor-section-height-default elementor-section-height-default\" data-id=\"12b3207\" data-element_type=\"section\" data-e-type=\"section\">\n\t\t\t\t\t\t<div class=\"elementor-container elementor-column-gap-default\">\n\t\t\t\t\t<div class=\"elementor-column elementor-col-100 elementor-top-column elementor-element elementor-element-0d32ea0\" data-id=\"0d32ea0\" data-element_type=\"column\" data-e-type=\"column\">\n\t\t\t<div class=\"elementor-widget-wrap elementor-element-populated\">\n\t\t\t\t\t\t<div class=\"elementor-element elementor-element-f4caff7 elementor-widget elementor-widget-image\" data-id=\"f4caff7\" data-element_type=\"widget\" data-e-type=\"widget\" data-widget_type=\"image.default\">\n\t\t\t\t<div class=\"elementor-widget-container\">\n\t\t\t\t\t\t\t\t\t\t\t\t\t\t\t\t<a href=\"https:\/\/www.eventoplus.com\/finder\/\">\n\t\t\t\t\t\t\t<img decoding=\"async\" width=\"728\" height=\"90\" src=\"https:\/\/grupoeventoplus.com\/wp-content\/uploads\/2025\/03\/Hola-Finder-728x90-1.gif\" class=\"attachment-large size-large wp-image-18162\" alt=\"\" \/>\t\t\t\t\t\t\t\t<\/a>\n\t\t\t\t\t\t\t\t\t\t\t\t\t\t\t<\/div>\n\t\t\t\t<\/div>\n\t\t\t\t\t<\/div>\n\t\t<\/div>\n\t\t\t\t\t<\/div>\n\t\t<\/section>\n\t\t\t\t<\/div>","protected":false},"excerpt":{"rendered":"<p>\u00a1No somos buenos! (pero somos mejores que ayer, y seremos\u00a0a\u00fan\u00a0mucho mejores ma\u00f1ana) Nuestro mayor reto es sin duda la sostenibilidad. Tenemos que ser ejemplares, proactivos, comprometidos, para salvar el planeta, y para ser un sector responsable (y visto como tal). Y si bien no somos perfectos, hemos mejorado unas cuantas cosas, en dos direcciones: Ser [&hellip;]<\/p>","protected":false},"author":8,"featured_media":0,"parent":0,"menu_order":0,"comment_status":"closed","ping_status":"closed","template":"","meta":{"site-sidebar-layout":"default","site-content-layout":"","ast-site-content-layout":"default","site-content-style":"default","site-sidebar-style":"default","ast-global-header-display":"","ast-banner-title-visibility":"","ast-main-header-display":"","ast-hfb-above-header-display":"","ast-hfb-below-header-display":"","ast-hfb-mobile-header-display":"","site-post-title":"","ast-breadcrumbs-content":"","ast-featured-img":"","footer-sml-layout":"","ast-disable-related-posts":"","theme-transparent-header-meta":"","adv-header-id-meta":"","stick-header-meta":"","header-above-stick-meta":"","header-main-stick-meta":"","header-below-stick-meta":"","astra-migrate-meta-layouts":"default","ast-page-background-enabled":"default","ast-page-background-meta":{"desktop":{"background-color":"","background-image":"","background-repeat":"repeat","background-position":"center center","background-size":"auto","background-attachment":"scroll","background-type":"","background-media":"","overlay-type":"","overlay-color":"","overlay-opacity":"","overlay-gradient":""},"tablet":{"background-color":"","background-image":"","background-repeat":"repeat","background-position":"center center","background-size":"auto","background-attachment":"scroll","background-type":"","background-media":"","overlay-type":"","overlay-color":"","overlay-opacity":"","overlay-gradient":""},"mobile":{"background-color":"","background-image":"","background-repeat":"repeat","background-position":"center center","background-size":"auto","background-attachment":"scroll","background-type":"","background-media":"","overlay-type":"","overlay-color":"","overlay-opacity":"","overlay-gradient":""}},"ast-content-background-meta":{"desktop":{"background-color":"var(--ast-global-color-5)","background-image":"","background-repeat":"repeat","background-position":"center center","background-size":"auto","background-attachment":"scroll","background-type":"","background-media":"","overlay-type":"","overlay-color":"","overlay-opacity":"","overlay-gradient":""},"tablet":{"background-color":"var(--ast-global-color-5)","background-image":"","background-repeat":"repeat","background-position":"center center","background-size":"auto","background-attachment":"scroll","background-type":"","background-media":"","overlay-type":"","overlay-color":"","overlay-opacity":"","overlay-gradient":""},"mobile":{"background-color":"var(--ast-global-color-5)","background-image":"","background-repeat":"repeat","background-position":"center center","background-size":"auto","background-attachment":"scroll","background-type":"","background-media":"","overlay-type":"","overlay-color":"","overlay-opacity":"","overlay-gradient":""}},"footnotes":""},"class_list":["post-4742","page","type-page","status-publish","hentry"],"_links":{"self":[{"href":"https:\/\/grupoeventoplus.com\/en\/wp-json\/wp\/v2\/pages\/4742","targetHints":{"allow":["GET"]}}],"collection":[{"href":"https:\/\/grupoeventoplus.com\/en\/wp-json\/wp\/v2\/pages"}],"about":[{"href":"https:\/\/grupoeventoplus.com\/en\/wp-json\/wp\/v2\/types\/page"}],"author":[{"embeddable":true,"href":"https:\/\/grupoeventoplus.com\/en\/wp-json\/wp\/v2\/users\/8"}],"replies":[{"embeddable":true,"href":"https:\/\/grupoeventoplus.com\/en\/wp-json\/wp\/v2\/comments?post=4742"}],"version-history":[{"count":36,"href":"https:\/\/grupoeventoplus.com\/en\/wp-json\/wp\/v2\/pages\/4742\/revisions"}],"predecessor-version":[{"id":18230,"href":"https:\/\/grupoeventoplus.com\/en\/wp-json\/wp\/v2\/pages\/4742\/revisions\/18230"}],"wp:attachment":[{"href":"https:\/\/grupoeventoplus.com\/en\/wp-json\/wp\/v2\/media?parent=4742"}],"curies":[{"name":"wp","href":"https:\/\/api.w.org\/{rel}","templated":true}]}}