{"id":2261,"date":"2019-07-25T10:36:23","date_gmt":"2019-07-25T10:36:23","guid":{"rendered":"https:\/\/grupoeventoplus.com\/nuestra-historia\/"},"modified":"2025-03-05T13:02:16","modified_gmt":"2025-03-05T13:02:16","slug":"nuestra-historia","status":"publish","type":"page","link":"https:\/\/grupoeventoplus.com\/en\/nuestra-historia\/","title":{"rendered":"ABOUT US"},"content":{"rendered":"<div data-elementor-type=\"wp-page\" data-elementor-id=\"2261\" class=\"elementor elementor-2261\" data-elementor-post-type=\"page\">\n\t\t\t\t\t\t<section class=\"elementor-section elementor-top-section elementor-element elementor-element-8953e53 elementor-section-boxed elementor-section-height-default elementor-section-height-default\" data-id=\"8953e53\" data-element_type=\"section\" data-e-type=\"section\">\n\t\t\t\t\t\t<div class=\"elementor-container elementor-column-gap-default\">\n\t\t\t\t\t<div class=\"elementor-column elementor-col-100 elementor-top-column elementor-element elementor-element-7b236703\" data-id=\"7b236703\" data-element_type=\"column\" data-e-type=\"column\">\n\t\t\t<div class=\"elementor-widget-wrap elementor-element-populated\">\n\t\t\t\t\t\t<div class=\"elementor-element elementor-element-c3b7bb0 elementor-widget elementor-widget-image\" data-id=\"c3b7bb0\" data-element_type=\"widget\" data-e-type=\"widget\" data-widget_type=\"image.default\">\n\t\t\t\t<div class=\"elementor-widget-container\">\n\t\t\t\t\t\t\t\t\t\t\t\t\t\t\t<img fetchpriority=\"high\" decoding=\"async\" width=\"1024\" height=\"342\" src=\"https:\/\/grupoeventoplus.com\/wp-content\/uploads\/2023\/01\/PP2-1024x342.jpg\" class=\"attachment-large size-large wp-image-13236\" alt=\"\" srcset=\"https:\/\/grupoeventoplus.com\/wp-content\/uploads\/2023\/01\/PP2-1024x342.jpg 1024w, https:\/\/grupoeventoplus.com\/wp-content\/uploads\/2023\/01\/PP2-300x100.jpg 300w, https:\/\/grupoeventoplus.com\/wp-content\/uploads\/2023\/01\/PP2-768x256.jpg 768w, https:\/\/grupoeventoplus.com\/wp-content\/uploads\/2023\/01\/PP2-1536x513.jpg 1536w, https:\/\/grupoeventoplus.com\/wp-content\/uploads\/2023\/01\/PP2.jpg 1800w\" sizes=\"(max-width: 1024px) 100vw, 1024px\" \/>\t\t\t\t\t\t\t\t\t\t\t\t\t\t\t<\/div>\n\t\t\t\t<\/div>\n\t\t\t\t<div class=\"elementor-element elementor-element-5eeaef9a elementor-widget elementor-widget-text-editor\" data-id=\"5eeaef9a\" data-element_type=\"widget\" data-e-type=\"widget\" data-widget_type=\"text-editor.default\">\n\t\t\t\t<div class=\"elementor-widget-container\">\n\t\t\t\t\t\t\t\t\t<p>Our journey began in 2000 when three people with different professional profiles and cultures decided to embark on a new adventure. Between \u201cni hao\u201d, \u2018hello\u2019 and \u201cbonjour\u201d, Grupo eventoplus was born, as the leading MICE media group in Spain.<\/p><div><p>We have a clear mission...<span style=\"background-color: var(--ast-global-color-5); color: var(--ast-global-color-3); font-style: inherit; font-weight: inherit;\">to connect meetings professionals and to provide value with the best information and knowledge.<\/span><\/p><p><span style=\"font-size: 16px;\">Our vision? To professionalise the industry, to create solid networks of contacts to collaborate to do business and to organise the best meetings.<\/span><\/p><\/div><p>And we also take care of our planet... We are aware that events are a powerful generator of CO2 and waste. For our part, we have an environmental plan to reduce our impact on the planet in the production and distribution of our magazine, eventos Magazine\u00a0<a href=\"https:\/\/www.eventoplus.com\/sostenibilidad\/\" target=\"_blank\" rel=\"noopener\">[+]<\/a>, as well as offsetting the carbon footprint of our events.<strong>.<\/strong><\/p><p>25 years later, our passion for what we do has paid off with a broad media portfolio managed by a passionate team of professionals. Driven by sweat and tears, many coffees and beers, but always with a smile and supported by the friendships we have made over the years, we continue connect you with the industry via: online, paper, face-to-face, awards and our social networks,... And, you know what, we're just as excited as we were the first day.<\/p><p>Meet the TEAM! <a href=\"https:\/\/grupoeventoplus.com\/en\/equipo\/\" rel=\"\\&quot;noopener\\&quot;\">[+]<\/a><\/p>\t\t\t\t\t\t\t\t<\/div>\n\t\t\t\t<\/div>\n\t\t\t\t<div class=\"elementor-element elementor-element-bad2344 elementor-widget elementor-widget-image\" data-id=\"bad2344\" data-element_type=\"widget\" data-e-type=\"widget\" data-widget_type=\"image.default\">\n\t\t\t\t<div class=\"elementor-widget-container\">\n\t\t\t\t\t\t\t\t\t\t\t\t\t\t\t<img decoding=\"async\" width=\"1024\" height=\"328\" src=\"https:\/\/grupoeventoplus.com\/wp-content\/uploads\/2024\/08\/timeline-Grupo_2024-ENG.jpg\" class=\"attachment-large size-large wp-image-17747\" alt=\"timeline-Grupo_2024-ESP\" srcset=\"https:\/\/grupoeventoplus.com\/wp-content\/uploads\/2024\/08\/timeline-Grupo_2024-ENG.jpg 2500w, https:\/\/grupoeventoplus.com\/wp-content\/uploads\/2024\/08\/timeline-Grupo_2024-ENG-300x96.jpg 300w, https:\/\/grupoeventoplus.com\/wp-content\/uploads\/2024\/08\/timeline-Grupo_2024-ENG-1024x328.jpg 1024w, https:\/\/grupoeventoplus.com\/wp-content\/uploads\/2024\/08\/timeline-Grupo_2024-ENG-768x246.jpg 768w, https:\/\/grupoeventoplus.com\/wp-content\/uploads\/2024\/08\/timeline-Grupo_2024-ENG-1536x493.jpg 1536w, https:\/\/grupoeventoplus.com\/wp-content\/uploads\/2024\/08\/timeline-Grupo_2024-ENG-2048x657.jpg 2048w, https:\/\/grupoeventoplus.com\/wp-content\/uploads\/2024\/08\/timeline-Grupo_2024-ENG-18x6.jpg 18w\" sizes=\"(max-width: 1024px) 100vw, 1024px\" \/>\t\t\t\t\t\t\t\t\t\t\t\t\t\t\t<\/div>\n\t\t\t\t<\/div>\n\t\t\t\t\t<\/div>\n\t\t<\/div>\n\t\t\t\t\t<\/div>\n\t\t<\/section>\n\t\t\t\t<section class=\"elementor-section elementor-top-section elementor-element elementor-element-d7f1f04 elementor-section-boxed elementor-section-height-default elementor-section-height-default\" data-id=\"d7f1f04\" data-element_type=\"section\" data-e-type=\"section\">\n\t\t\t\t\t\t<div class=\"elementor-container elementor-column-gap-default\">\n\t\t\t\t\t<div class=\"elementor-column elementor-col-100 elementor-top-column elementor-element elementor-element-c2e44e3\" data-id=\"c2e44e3\" data-element_type=\"column\" data-e-type=\"column\">\n\t\t\t<div class=\"elementor-widget-wrap elementor-element-populated\">\n\t\t\t\t\t\t<div class=\"elementor-element elementor-element-3912287 elementor-widget elementor-widget-image\" data-id=\"3912287\" data-element_type=\"widget\" data-e-type=\"widget\" data-widget_type=\"image.default\">\n\t\t\t\t<div class=\"elementor-widget-container\">\n\t\t\t\t\t\t\t\t\t\t\t\t\t\t\t\t<a href=\"https:\/\/www.eventoplus.com\/finder\/\">\n\t\t\t\t\t\t\t<img decoding=\"async\" width=\"728\" height=\"90\" src=\"https:\/\/grupoeventoplus.com\/wp-content\/uploads\/2025\/03\/Hola-Finder-728x90-1.gif\" class=\"attachment-large size-large wp-image-18162\" alt=\"\" \/>\t\t\t\t\t\t\t\t<\/a>\n\t\t\t\t\t\t\t\t\t\t\t\t\t\t\t<\/div>\n\t\t\t\t<\/div>\n\t\t\t\t\t<\/div>\n\t\t<\/div>\n\t\t\t\t\t<\/div>\n\t\t<\/section>\n\t\t\t\t<\/div>","protected":false},"excerpt":{"rendered":"<p>Nuestro viaje empez\u00f3 en el a\u00f1o 2000 cuando tres personas de perfiles profesionales diferentes y culturas distintas decidieron emprender una nueva aventura. Entre \u201cni hao\u201d, \u201chola\u201d y \u201cbonjour\u201d, naci\u00f3 Grupo eventoplus, como el grupo de medios MICE en Espa\u00f1a. Tenemos una misi\u00f3n muy clara&#8230; conectar a los profesionales de meetings y eventos y aportar valor [&hellip;]<\/p>","protected":false},"author":8,"featured_media":0,"parent":0,"menu_order":0,"comment_status":"closed","ping_status":"closed","template":"","meta":{"site-sidebar-layout":"default","site-content-layout":"","ast-site-content-layout":"default","site-content-style":"default","site-sidebar-style":"default","ast-global-header-display":"","ast-banner-title-visibility":"","ast-main-header-display":"","ast-hfb-above-header-display":"","ast-hfb-below-header-display":"","ast-hfb-mobile-header-display":"","site-post-title":"","ast-breadcrumbs-content":"","ast-featured-img":"","footer-sml-layout":"","ast-disable-related-posts":"","theme-transparent-header-meta":"","adv-header-id-meta":"","stick-header-meta":"","header-above-stick-meta":"","header-main-stick-meta":"","header-below-stick-meta":"","astra-migrate-meta-layouts":"set","ast-page-background-enabled":"default","ast-page-background-meta":{"desktop":{"background-color":"","background-image":"","background-repeat":"repeat","background-position":"center center","background-size":"auto","background-attachment":"scroll","background-type":"","background-media":"","overlay-type":"","overlay-color":"","overlay-opacity":"","overlay-gradient":""},"tablet":{"background-color":"","background-image":"","background-repeat":"repeat","background-position":"center center","background-size":"auto","background-attachment":"scroll","background-type":"","background-media":"","overlay-type":"","overlay-color":"","overlay-opacity":"","overlay-gradient":""},"mobile":{"background-color":"","background-image":"","background-repeat":"repeat","background-position":"center center","background-size":"auto","background-attachment":"scroll","background-type":"","background-media":"","overlay-type":"","overlay-color":"","overlay-opacity":"","overlay-gradient":""}},"ast-content-background-meta":{"desktop":{"background-color":"var(--ast-global-color-5)","background-image":"","background-repeat":"repeat","background-position":"center center","background-size":"auto","background-attachment":"scroll","background-type":"","background-media":"","overlay-type":"","overlay-color":"","overlay-opacity":"","overlay-gradient":""},"tablet":{"background-color":"var(--ast-global-color-5)","background-image":"","background-repeat":"repeat","background-position":"center center","background-size":"auto","background-attachment":"scroll","background-type":"","background-media":"","overlay-type":"","overlay-color":"","overlay-opacity":"","overlay-gradient":""},"mobile":{"background-color":"var(--ast-global-color-5)","background-image":"","background-repeat":"repeat","background-position":"center center","background-size":"auto","background-attachment":"scroll","background-type":"","background-media":"","overlay-type":"","overlay-color":"","overlay-opacity":"","overlay-gradient":""}},"footnotes":""},"class_list":["post-2261","page","type-page","status-publish","hentry"],"_links":{"self":[{"href":"https:\/\/grupoeventoplus.com\/en\/wp-json\/wp\/v2\/pages\/2261","targetHints":{"allow":["GET"]}}],"collection":[{"href":"https:\/\/grupoeventoplus.com\/en\/wp-json\/wp\/v2\/pages"}],"about":[{"href":"https:\/\/grupoeventoplus.com\/en\/wp-json\/wp\/v2\/types\/page"}],"author":[{"embeddable":true,"href":"https:\/\/grupoeventoplus.com\/en\/wp-json\/wp\/v2\/users\/8"}],"replies":[{"embeddable":true,"href":"https:\/\/grupoeventoplus.com\/en\/wp-json\/wp\/v2\/comments?post=2261"}],"version-history":[{"count":25,"href":"https:\/\/grupoeventoplus.com\/en\/wp-json\/wp\/v2\/pages\/2261\/revisions"}],"predecessor-version":[{"id":18181,"href":"https:\/\/grupoeventoplus.com\/en\/wp-json\/wp\/v2\/pages\/2261\/revisions\/18181"}],"wp:attachment":[{"href":"https:\/\/grupoeventoplus.com\/en\/wp-json\/wp\/v2\/media?parent=2261"}],"curies":[{"name":"wp","href":"https:\/\/api.w.org\/{rel}","templated":true}]}}